{"id":4104,"date":"2017-12-01T11:07:25","date_gmt":"2017-12-01T14:07:25","guid":{"rendered":"http:\/\/www.encontrasantos.com.br\/noticias\/?page_id=4104"},"modified":"2025-10-03T16:51:06","modified_gmt":"2025-10-03T19:51:06","slug":"sobre-santos","status":"publish","type":"page","link":"https:\/\/www.encontrasantos.com.br\/sobre\/","title":{"rendered":"Sobre Santos"},"content":{"rendered":"<div class=\"79600775c85722932cbf26dff21860fb\" data-index=\"1\" style=\"float: none; margin:0px;\">\n<!-- Anuncio display - global -->\r\n<ins class=\"adsbygoogle\"\r\n     style=\"display:block\"\r\n     data-ad-client=\"ca-pub-8585364105181520\"\r\n     data-ad-slot=\"8789329856\"\r\n     data-ad-format=\"auto\"\r\n     data-full-width-responsive=\"true\"><\/ins>\r\n<script>\r\n     (adsbygoogle = window.adsbygoogle || []).push({});\r\n<\/script>\n<\/div>\n<h2>Cidades de S\u00e3o Paulo: Limites &#8211; Cidades Vizinhas &#8211; Litoral S\u00e3o Paulo<\/h2>\n<p><a title=\"Santo Andr\u00e9\" href=\"http:\/\/www.encontrasantoandre.com.br\/\" target=\"_blank\" rel=\"noopener noreferrer\">Santo Andr\u00e9<\/a>,\u00a0<a title=\"Mogi das Cruzes\" href=\"http:\/\/www.encontramogidascruzes.com.br\/\" target=\"_blank\" rel=\"noopener noreferrer\">Mogi das Cruzes<\/a>, Sales\u00f3polis,\u00a0<a title=\"Bertioga\" href=\"http:\/\/www.encontrabertioga.com.br\/\" target=\"_blank\" rel=\"noopener noreferrer\">Bertioga<\/a>,\u00a0<a title=\"Cubat\u00e3o\" href=\"http:\/\/www.encontracubatao.com.br\/\" target=\"_blank\" rel=\"noopener noreferrer\">Cubat\u00e3o<\/a>,\u00a0<a title=\"Guaruj\u00e1\" href=\"http:\/\/www.encontraguaruja.com.br\/\" target=\"_blank\" rel=\"noopener noreferrer\">Guaruj\u00e1<\/a>,\u00a0<a title=\"S\u00e3o Vicente\" href=\"http:\/\/www.encontrasaovicente.com.br\/\" target=\"_blank\" rel=\"noopener noreferrer\">S\u00e3o Vicente<\/a><\/p>\n<h3>Dados Principais sobre a cidade de Santos<img loading=\"lazy\" decoding=\"async\" class=\"alignright wp-image-4108 size-full\" src=\"https:\/\/www.encontrasantos.com.br\/sobre\/wp-content\/uploads\/2017\/12\/brasao-santos.jpg\" alt=\"\" width=\"104\" height=\"119\" \/><\/h3>\n<p><strong>Anivers\u00e1rio:<\/strong> 26 de Janeiro<br \/>\n<strong>Funda\u00e7\u00e3o:<\/strong> 1546<br \/>\n<strong>Gent\u00edlico:<\/strong> Santista<br \/>\n<b>\u00c1rea:<\/b> 280,300 Km\u00b2<br \/>\n<strong>Popula\u00e7\u00e3o<\/strong> 433.966 hab. (2015)<img loading=\"lazy\" decoding=\"async\" class=\"alignright wp-image-4107 size-full\" src=\"https:\/\/www.encontrasantos.com.br\/sobre\/wp-content\/uploads\/2017\/12\/bandeira-santos.jpg\" alt=\"\" width=\"145\" height=\"93\" \/><br \/>\n<strong>IDH<\/strong> 0,871- elevado<br \/>\n<a href=\"https:\/\/www.prefeituradesantos.org\/\" target=\"_blank\" rel=\"noopener noreferrer\"><strong>Prefeitura Santos<\/strong><\/a><\/p>\n<h2>Moradores ilustres de Santos<\/h2>\n<p><iframe loading=\"lazy\" style=\"border: none; overflow: hidden; width: 100%; height: 252px;\" src=\"http:\/\/www.facebook.com\/plugins\/likebox.php?href=http%3A%2F%2Fwww.facebook.com%2Fcidadesantos&amp;width=520&amp;colorscheme=light&amp;show_faces=true&amp;stream=false&amp;header=false&amp;height=252\" width=\"300\" height=\"150\" frameborder=\"0\" scrolling=\"No\"><\/iframe><\/p>\n<h2>Hist\u00f3ria de Santos<\/h2>\n<p><img loading=\"lazy\" decoding=\"async\" width=\"565\" height=\"198\" class=\"alignnone size-full wp-image-4110\" style=\"width: 100%; height: auto;\" src=\"http:\/\/www.encontrasantos.com.br\/noticias\/wp-content\/uploads\/2017\/12\/cidade-de-santos.jpg\" alt=\"\" srcset=\"https:\/\/www.encontrasantos.com.br\/sobre\/wp-content\/uploads\/2017\/12\/cidade-de-santos.jpg 565w, https:\/\/www.encontrasantos.com.br\/sobre\/wp-content\/uploads\/2017\/12\/cidade-de-santos-300x105.jpg 300w\" sizes=\"auto, (max-width: 565px) 100vw, 565px\" \/><\/p>\n<p><strong>Santos<\/strong> \u00e9 um munic\u00edpio portu\u00e1rio brasileiro localizado no litoral do estado de S\u00e3o Paulo, sede da Regi\u00e3o Metropolitana da Baixada Santista. Abriga o maior porto da Am\u00e9rica Latina, o qual \u00e9 o principal respons\u00e1vel pela din\u00e2mica econ\u00f4mica da cidade ao lado do turismo, da pesca e do com\u00e9rcio. A cidade \u00e9 sede do poder executivo paulista em todo dia 13 de junho (capital simb\u00f3lica de S\u00e3o Paulo) e tamb\u00e9m \u00e9 sede de diversas institui\u00e7\u00f5es de ensino superior.<\/p>\n<p>A <a href=\"\/\">Cidade Santos<\/a> possui uma economia crescente. A cidade \u00e9 a 19\u00aa mais rica do pa\u00eds, com PIB de R$ 19 704,88 bilh\u00f5es. Durante um bom tempo, sua economia centrou-se na comercializa\u00e7\u00e3o do caf\u00e9 (que tamb\u00e9m era a principal fonte de riqueza do pa\u00eds), abrigando no centro da cidade a Bolsa Oficial do Caf\u00e9, importante centro de neg\u00f3cios do mercado cafeeiro inaugurada em 1922, e que resultou no atual Museu do Caf\u00e9, espa\u00e7o que promove exposi\u00e7\u00f5es sobre a trajet\u00f3ria do produto pelo Brasil e pela cidade e que \u00e9 decorado com obras do artista Benedito Calixto.<\/p>\n<p>Maior cidade do litoral paulista, durante todo o ano o turismo em Santos cresce em altos \u00edndices. O principal cart\u00e3o postal do munic\u00edpio s\u00e3o os 7 km de praia. O Livro dos Recordes situa os jardins da orla de Santos como formadores do maior jardim frontal de praia em extens\u00e3o do mundo. A preserva\u00e7\u00e3o e o cuidado com a flora do ambiente praiano santista, permeado de palmeiras e amendoeiras, s\u00e3o resultados de um trabalho em conjunto dos departamentos de meio-ambiente da regi\u00e3o muitas vezes ligados \u00e0 universidades ou \u00e0 institui\u00e7\u00f5es biol\u00f3gicas. Em 2010, Santos contava com 419 757 habitantes, segundo o Censo 2010 do IBGE.<\/p>\n<p>O PNUD 2000 posicionou a cidade de <a href=\"\/\">Santos<\/a> em sexto lugar na Lista dos munic\u00edpios brasileiros por IDH, e em terceiro lugar na Lista dos munic\u00edpios de S\u00e3o Paulo por IDH. Santos \u00e9 uma das cidades mais antigas do pa\u00eds e de grande valor hist\u00f3rico por acompanhar o crescimento e a evolu\u00e7\u00e3o do Brasil em seus primeiros anos de col\u00f4nia at\u00e9 os dias atuais, surgindo como um munic\u00edpio de valor cosmopolita, portu\u00e1rio, ecol\u00f3gico e cultural.<\/p>\n<p><span id=\"Rodovi.C3.A1rio\"><\/span><strong><span id=\"Rodovi\u00e1rio\" class=\"mw-headline\">Rodovi\u00e1rio<\/span><\/strong><\/p>\n<p>O munic\u00edpio de Santos \u00e9 servido basicamente por tr\u00eas rodovias. O principal acesso \u00e9 a <a href=\"https:\/\/www.encontrasantos.com.br\/sobre\/rodovia-anchieta-em-santos\/\">Via Anchieta<\/a> (SP-150 ou BR-050), proveniente de S\u00e3o Paulo, a \u00fanica a atingir a \u00e1rea insular, e que recebe o tr\u00e1fego proveniente das rodovias dos Imigrantes, Padre Manuel da N\u00f3brega, Rio-Santos e C\u00f4nego Dom\u00eanico Rangoni (Pia\u00e7aguera-Guaruj\u00e1). Na \u00e1rea continental, a cidade tamb\u00e9m \u00e9 cortada pela Rodovia Rio-Santos (SP-55 ou BR-101), proveniente do Rio de Janeiro, e principal acesso a bairros afastados como o do Caruara. Para quem busca mais informa\u00e7\u00f5es sobre rodovias que conectam a regi\u00e3o ao litoral, como a Mogi-Bertioga, o site <a href=\"https:\/\/www.mogibertioga.com.br\/\" target=\"_blank\" rel=\"noopener\">www.mogibertioga.com.br<\/a> oferece detalhes \u00fateis. Na regi\u00e3o do Monte Cabr\u00e3o, a Rio-Santos desemboca na C\u00f4nego Dom\u00eanico Rangoni (continua\u00e7\u00e3o da SP-55 ou BR-101), cortando a regi\u00e3o do Quilombo e terminando na Via Anchieta j\u00e1 em Cubat\u00e3o, por onde se tem acesso \u00e0 \u00e1rea insular.<\/p>\n<p><strong>Dias atuais<\/strong><\/p>\n<p>Durante a d\u00e9cada de 1990, como resultado de um processo vindo j\u00e1 dos d\u00e9cada de 1980, Santos enfrentou uma crise no turismo devido \u00e0 piora na balneabilidade das suas praias. A cidade passou a recuperar-se a partir do in\u00edcio da d\u00e9cada de 1990, em um trabalho de revers\u00e3o da imagem negativa adquirida ao longo da d\u00e9cada de 1970.<\/p>\n<p>O com\u00e9rcio cresceu na cidade, e surgiram casas noturnas, ag\u00eancias de recep\u00e7\u00e3o tur\u00edstica, hot\u00e9is e flats. Em 1991, a Bienal de Artes Pl\u00e1sticas de Santos, interrompida por dezoito anos, voltou a ser realizada, no intuito de recuperar a identidade cultural do munic\u00edpio. A partir de 1993, a prefeitura passou a investir no turismo, com revitaliza\u00e7\u00f5es paisag\u00edsticas e constru\u00e7\u00f5es de ciclovias na cidade. Deste modo, Santos foi considerada a cidade mais visitada por turistas estrangeiros no litoral paulista.<\/p>\n<p>A partir de 1999 ocorreram projetos de revitaliza\u00e7\u00e3o da \u00e1rea central da cidade, reconhecida como Centro Hist\u00f3rico. Foram oferecidos incentivos fiscais \u00e0s empresas em troca de restaura\u00e7\u00f5es de pr\u00e9dios depredados, o que melhorou consideravelmente seu aspecto e trouxe empresas para a regi\u00e3o. Programa\u00e7\u00f5es culturais e art\u00edsticas atra\u00edram restaurantes e clubes, como a reativa\u00e7\u00e3o do Teatro Coliseu Santista e a implanta\u00e7\u00e3o do Bonde Tur\u00edstico.<\/p>\n<p>Para homenagear a comunidade de moradores desta maravilhosa cidade, o <a href=\"https:\/\/www.encontrasaopaulo.com.br\" target=\"_blank\" rel=\"noopener noreferrer\">Encontra S\u00e3o Paulo<\/a> criou o <a href=\"http:\/\/www.encontrasantos.com.br\">Encontra Santos<\/a>.<\/p>\n<p><em>Fonte: Wikipedia<\/em><\/p>\n\n<div style=\"font-size: 0px; height: 0px; line-height: 0px; margin: 0; padding: 0; clear: both;\"><\/div>","protected":false},"excerpt":{"rendered":"<p>Cidades de S\u00e3o Paulo: Limites &#8211; Cidades Vizinhas &#8211; Litoral S\u00e3o Paulo Santo Andr\u00e9,\u00a0Mogi das Cruzes, Sales\u00f3polis,\u00a0Bertioga,\u00a0Cubat\u00e3o,\u00a0Guaruj\u00e1,\u00a0S\u00e3o Vicente Dados Principais sobre a cidade de Santos Anivers\u00e1rio: 26 de Janeiro Funda\u00e7\u00e3o: 1546 Gent\u00edlico: Santista \u00c1rea: 280,300 Km\u00b2 Popula\u00e7\u00e3o 433.966 hab. (2015) IDH 0,871- elevado Prefeitura Santos Moradores ilustres de Santos Hist\u00f3ria de Santos Santos \u00e9 um munic\u00edpio portu\u00e1rio brasileiro localizado no litoral do estado de S\u00e3o Paulo, sede da Regi\u00e3o Metropolitana da Baixada Santista. Abriga o maior porto da Am\u00e9rica Latina, o qual \u00e9 o principal respons\u00e1vel pela din\u00e2mica econ\u00f4mica da cidade ao lado do turismo, da pesca e do com\u00e9rcio. <\/p>\n","protected":false},"author":1,"featured_media":0,"parent":0,"menu_order":0,"comment_status":"closed","ping_status":"closed","template":"","meta":{"footnotes":""},"class_list":["post-4104","page","type-page","status-publish","hentry"],"yoast_head":"<!-- This site is optimized with the Yoast SEO plugin v26.4 - https:\/\/yoast.com\/wordpress\/plugins\/seo\/ -->\n<title>Sobre Santos - Encontra Santos<\/title>\n<meta name=\"robots\" content=\"index, follow, max-snippet:-1, max-image-preview:large, max-video-preview:-1\" \/>\n<link rel=\"canonical\" href=\"https:\/\/www.encontrasantos.com.br\/sobre\/\" \/>\n<meta property=\"og:locale\" content=\"pt_BR\" \/>\n<meta property=\"og:type\" content=\"article\" \/>\n<meta property=\"og:title\" content=\"Sobre Santos - Encontra Santos\" \/>\n<meta property=\"og:description\" content=\"Cidades de S\u00e3o Paulo: Limites &#8211; Cidades Vizinhas &#8211; Litoral S\u00e3o Paulo Santo Andr\u00e9,\u00a0Mogi das Cruzes, Sales\u00f3polis,\u00a0Bertioga,\u00a0Cubat\u00e3o,\u00a0Guaruj\u00e1,\u00a0S\u00e3o Vicente Dados Principais sobre a cidade de Santos Anivers\u00e1rio: 26 de Janeiro Funda\u00e7\u00e3o: 1546 Gent\u00edlico: Santista \u00c1rea: 280,300 Km\u00b2 Popula\u00e7\u00e3o 433.966 hab. (2015) IDH 0,871- elevado Prefeitura Santos Moradores ilustres de Santos Hist\u00f3ria de Santos Santos \u00e9 um munic\u00edpio portu\u00e1rio brasileiro localizado no litoral do estado de S\u00e3o Paulo, sede da Regi\u00e3o Metropolitana da Baixada Santista. Abriga o maior porto da Am\u00e9rica Latina, o qual \u00e9 o principal respons\u00e1vel pela din\u00e2mica econ\u00f4mica da cidade ao lado do turismo, da pesca e do com\u00e9rcio.\" \/>\n<meta property=\"og:url\" content=\"https:\/\/www.encontrasantos.com.br\/sobre\/\" \/>\n<meta property=\"og:site_name\" content=\"Encontra Santos\" \/>\n<meta property=\"article:modified_time\" content=\"2025-10-03T19:51:06+00:00\" \/>\n<meta property=\"og:image\" content=\"https:\/\/www.encontrasantos.com.br\/sobre\/wp-content\/uploads\/2017\/12\/brasao-santos.jpg\" \/>\n\t<meta property=\"og:image:width\" content=\"104\" \/>\n\t<meta property=\"og:image:height\" content=\"119\" \/>\n\t<meta property=\"og:image:type\" content=\"image\/jpeg\" \/>\n<meta name=\"twitter:card\" content=\"summary_large_image\" \/>\n<meta name=\"twitter:label1\" content=\"Est. tempo de leitura\" \/>\n\t<meta name=\"twitter:data1\" content=\"4 minutos\" \/>\n<script type=\"application\/ld+json\" class=\"yoast-schema-graph\">{\"@context\":\"https:\/\/schema.org\",\"@graph\":[{\"@type\":\"WebPage\",\"@id\":\"https:\/\/www.encontrasantos.com.br\/sobre\/\",\"url\":\"https:\/\/www.encontrasantos.com.br\/sobre\/\",\"name\":\"Sobre Santos - Encontra Santos\",\"isPartOf\":{\"@id\":\"https:\/\/www.encontrasantos.com.br\/sobre\/#website\"},\"primaryImageOfPage\":{\"@id\":\"https:\/\/www.encontrasantos.com.br\/sobre\/#primaryimage\"},\"image\":{\"@id\":\"https:\/\/www.encontrasantos.com.br\/sobre\/#primaryimage\"},\"thumbnailUrl\":\"https:\/\/www.encontrasantos.com.br\/sobre\/wp-content\/uploads\/2017\/12\/brasao-santos.jpg\",\"datePublished\":\"2017-12-01T14:07:25+00:00\",\"dateModified\":\"2025-10-03T19:51:06+00:00\",\"breadcrumb\":{\"@id\":\"https:\/\/www.encontrasantos.com.br\/sobre\/#breadcrumb\"},\"inLanguage\":\"pt-BR\",\"potentialAction\":[{\"@type\":\"ReadAction\",\"target\":[\"https:\/\/www.encontrasantos.com.br\/sobre\/\"]}]},{\"@type\":\"ImageObject\",\"inLanguage\":\"pt-BR\",\"@id\":\"https:\/\/www.encontrasantos.com.br\/sobre\/#primaryimage\",\"url\":\"https:\/\/www.encontrasantos.com.br\/sobre\/wp-content\/uploads\/2017\/12\/brasao-santos.jpg\",\"contentUrl\":\"https:\/\/www.encontrasantos.com.br\/sobre\/wp-content\/uploads\/2017\/12\/brasao-santos.jpg\",\"width\":104,\"height\":119},{\"@type\":\"BreadcrumbList\",\"@id\":\"https:\/\/www.encontrasantos.com.br\/sobre\/#breadcrumb\",\"itemListElement\":[{\"@type\":\"ListItem\",\"position\":1,\"name\":\"In\u00edcio\",\"item\":\"https:\/\/www.encontrasantos.com.br\/sobre\/\"},{\"@type\":\"ListItem\",\"position\":2,\"name\":\"Sobre Santos\"}]},{\"@type\":\"WebSite\",\"@id\":\"https:\/\/www.encontrasantos.com.br\/sobre\/#website\",\"url\":\"https:\/\/www.encontrasantos.com.br\/sobre\/\",\"name\":\"Encontra Santos\",\"description\":\"Not\u00edcias, eventos, informa\u00e7\u00f5es e dicas na cidade de Santos e regi\u00e3o\",\"potentialAction\":[{\"@type\":\"SearchAction\",\"target\":{\"@type\":\"EntryPoint\",\"urlTemplate\":\"https:\/\/www.encontrasantos.com.br\/sobre\/?s={search_term_string}\"},\"query-input\":{\"@type\":\"PropertyValueSpecification\",\"valueRequired\":true,\"valueName\":\"search_term_string\"}}],\"inLanguage\":\"pt-BR\"}]}<\/script>\n<!-- \/ Yoast SEO plugin. -->","yoast_head_json":{"title":"Sobre Santos - Encontra Santos","robots":{"index":"index","follow":"follow","max-snippet":"max-snippet:-1","max-image-preview":"max-image-preview:large","max-video-preview":"max-video-preview:-1"},"canonical":"https:\/\/www.encontrasantos.com.br\/sobre\/","og_locale":"pt_BR","og_type":"article","og_title":"Sobre Santos - Encontra Santos","og_description":"Cidades de S\u00e3o Paulo: Limites &#8211; Cidades Vizinhas &#8211; Litoral S\u00e3o Paulo Santo Andr\u00e9,\u00a0Mogi das Cruzes, Sales\u00f3polis,\u00a0Bertioga,\u00a0Cubat\u00e3o,\u00a0Guaruj\u00e1,\u00a0S\u00e3o Vicente Dados Principais sobre a cidade de Santos Anivers\u00e1rio: 26 de Janeiro Funda\u00e7\u00e3o: 1546 Gent\u00edlico: Santista \u00c1rea: 280,300 Km\u00b2 Popula\u00e7\u00e3o 433.966 hab. (2015) IDH 0,871- elevado Prefeitura Santos Moradores ilustres de Santos Hist\u00f3ria de Santos Santos \u00e9 um munic\u00edpio portu\u00e1rio brasileiro localizado no litoral do estado de S\u00e3o Paulo, sede da Regi\u00e3o Metropolitana da Baixada Santista. Abriga o maior porto da Am\u00e9rica Latina, o qual \u00e9 o principal respons\u00e1vel pela din\u00e2mica econ\u00f4mica da cidade ao lado do turismo, da pesca e do com\u00e9rcio.","og_url":"https:\/\/www.encontrasantos.com.br\/sobre\/","og_site_name":"Encontra Santos","article_modified_time":"2025-10-03T19:51:06+00:00","og_image":[{"width":104,"height":119,"url":"https:\/\/www.encontrasantos.com.br\/sobre\/wp-content\/uploads\/2017\/12\/brasao-santos.jpg","type":"image\/jpeg"}],"twitter_card":"summary_large_image","twitter_misc":{"Est. tempo de leitura":"4 minutos"},"schema":{"@context":"https:\/\/schema.org","@graph":[{"@type":"WebPage","@id":"https:\/\/www.encontrasantos.com.br\/sobre\/","url":"https:\/\/www.encontrasantos.com.br\/sobre\/","name":"Sobre Santos - Encontra Santos","isPartOf":{"@id":"https:\/\/www.encontrasantos.com.br\/sobre\/#website"},"primaryImageOfPage":{"@id":"https:\/\/www.encontrasantos.com.br\/sobre\/#primaryimage"},"image":{"@id":"https:\/\/www.encontrasantos.com.br\/sobre\/#primaryimage"},"thumbnailUrl":"https:\/\/www.encontrasantos.com.br\/sobre\/wp-content\/uploads\/2017\/12\/brasao-santos.jpg","datePublished":"2017-12-01T14:07:25+00:00","dateModified":"2025-10-03T19:51:06+00:00","breadcrumb":{"@id":"https:\/\/www.encontrasantos.com.br\/sobre\/#breadcrumb"},"inLanguage":"pt-BR","potentialAction":[{"@type":"ReadAction","target":["https:\/\/www.encontrasantos.com.br\/sobre\/"]}]},{"@type":"ImageObject","inLanguage":"pt-BR","@id":"https:\/\/www.encontrasantos.com.br\/sobre\/#primaryimage","url":"https:\/\/www.encontrasantos.com.br\/sobre\/wp-content\/uploads\/2017\/12\/brasao-santos.jpg","contentUrl":"https:\/\/www.encontrasantos.com.br\/sobre\/wp-content\/uploads\/2017\/12\/brasao-santos.jpg","width":104,"height":119},{"@type":"BreadcrumbList","@id":"https:\/\/www.encontrasantos.com.br\/sobre\/#breadcrumb","itemListElement":[{"@type":"ListItem","position":1,"name":"In\u00edcio","item":"https:\/\/www.encontrasantos.com.br\/sobre\/"},{"@type":"ListItem","position":2,"name":"Sobre Santos"}]},{"@type":"WebSite","@id":"https:\/\/www.encontrasantos.com.br\/sobre\/#website","url":"https:\/\/www.encontrasantos.com.br\/sobre\/","name":"Encontra Santos","description":"Not\u00edcias, eventos, informa\u00e7\u00f5es e dicas na cidade de Santos e regi\u00e3o","potentialAction":[{"@type":"SearchAction","target":{"@type":"EntryPoint","urlTemplate":"https:\/\/www.encontrasantos.com.br\/sobre\/?s={search_term_string}"},"query-input":{"@type":"PropertyValueSpecification","valueRequired":true,"valueName":"search_term_string"}}],"inLanguage":"pt-BR"}]}},"_links":{"self":[{"href":"https:\/\/www.encontrasantos.com.br\/sobre\/wp-json\/wp\/v2\/pages\/4104","targetHints":{"allow":["GET"]}}],"collection":[{"href":"https:\/\/www.encontrasantos.com.br\/sobre\/wp-json\/wp\/v2\/pages"}],"about":[{"href":"https:\/\/www.encontrasantos.com.br\/sobre\/wp-json\/wp\/v2\/types\/page"}],"author":[{"embeddable":true,"href":"https:\/\/www.encontrasantos.com.br\/sobre\/wp-json\/wp\/v2\/users\/1"}],"replies":[{"embeddable":true,"href":"https:\/\/www.encontrasantos.com.br\/sobre\/wp-json\/wp\/v2\/comments?post=4104"}],"version-history":[{"count":0,"href":"https:\/\/www.encontrasantos.com.br\/sobre\/wp-json\/wp\/v2\/pages\/4104\/revisions"}],"wp:attachment":[{"href":"https:\/\/www.encontrasantos.com.br\/sobre\/wp-json\/wp\/v2\/media?parent=4104"}],"curies":[{"name":"wp","href":"https:\/\/api.w.org\/{rel}","templated":true}]}}